{"id":1758,"date":"2023-11-07T18:11:50","date_gmt":"2023-11-07T21:11:50","guid":{"rendered":"https:\/\/connectlighting.com.br\/?page_id=1758"},"modified":"2023-11-07T22:57:11","modified_gmt":"2023-11-08T01:57:11","slug":"area-do-profissional","status":"publish","type":"page","link":"https:\/\/connectlighting.com.br\/?page_id=1758","title":{"rendered":"\u00c1rea Do Profissional"},"content":{"rendered":"\t\t<div data-elementor-type=\"wp-page\" data-elementor-id=\"1758\" class=\"elementor elementor-1758\" data-elementor-post-type=\"page\">\n\t\t\t\t\t\t<section class=\"elementor-section elementor-top-section elementor-element elementor-element-6c30e5f elementor-section-height-min-height elementor-section-boxed elementor-section-height-default elementor-section-items-middle wpr-particle-no wpr-jarallax-no wpr-parallax-no wpr-sticky-section-no\" data-id=\"6c30e5f\" data-element_type=\"section\" data-settings=\"{&quot;background_background&quot;:&quot;classic&quot;,&quot;shape_divider_bottom&quot;:&quot;tilt&quot;,&quot;_ha_eqh_enable&quot;:false}\">\n\t\t\t\t\t\t\t<div class=\"elementor-background-overlay\"><\/div>\n\t\t\t\t\t\t<div class=\"elementor-shape elementor-shape-bottom\" data-negative=\"false\">\n\t\t\t<svg xmlns=\"http:\/\/www.w3.org\/2000\/svg\" viewBox=\"0 0 1000 100\" preserveAspectRatio=\"none\">\n\t<path class=\"elementor-shape-fill\" d=\"M0,6V0h1000v100L0,6z\"\/>\n<\/svg>\t\t<\/div>\n\t\t\t\t\t<div class=\"elementor-container elementor-column-gap-default\">\n\t\t\t\t\t<div class=\"elementor-column elementor-col-100 elementor-top-column elementor-element elementor-element-7911e74\" data-id=\"7911e74\" data-element_type=\"column\">\n\t\t\t<div class=\"elementor-widget-wrap elementor-element-populated\">\n\t\t\t\t\t\t<div class=\"elementor-element elementor-element-99750f1 elementor-widget elementor-widget-heading\" data-id=\"99750f1\" data-element_type=\"widget\" data-widget_type=\"heading.default\">\n\t\t\t\t<div class=\"elementor-widget-container\">\n\t\t\t<style>\/*! elementor - v3.19.0 - 07-02-2024 *\/\n.elementor-heading-title{padding:0;margin:0;line-height:1}.elementor-widget-heading .elementor-heading-title[class*=elementor-size-]>a{color:inherit;font-size:inherit;line-height:inherit}.elementor-widget-heading .elementor-heading-title.elementor-size-small{font-size:15px}.elementor-widget-heading .elementor-heading-title.elementor-size-medium{font-size:19px}.elementor-widget-heading .elementor-heading-title.elementor-size-large{font-size:29px}.elementor-widget-heading .elementor-heading-title.elementor-size-xl{font-size:39px}.elementor-widget-heading .elementor-heading-title.elementor-size-xxl{font-size:59px}<\/style><h2 class=\"elementor-heading-title elementor-size-default\">\u00c1rea do Profissional<\/h2>\t\t<\/div>\n\t\t\t\t<\/div>\n\t\t\t\t\t<\/div>\n\t\t<\/div>\n\t\t\t\t\t<\/div>\n\t\t<\/section>\n\t\t\t\t<section class=\"elementor-section elementor-top-section elementor-element elementor-element-a4db5a2 elementor-section-height-min-height elementor-hidden-mobile elementor-section-boxed elementor-section-height-default elementor-section-items-middle wpr-particle-no wpr-jarallax-no wpr-parallax-no wpr-sticky-section-no\" data-id=\"a4db5a2\" data-element_type=\"section\" data-settings=\"{&quot;background_background&quot;:&quot;classic&quot;,&quot;shape_divider_top&quot;:&quot;tilt&quot;,&quot;shape_divider_bottom&quot;:&quot;tilt&quot;,&quot;_ha_eqh_enable&quot;:false}\">\n\t\t\t\t\t\t\t<div class=\"elementor-background-overlay\"><\/div>\n\t\t\t\t\t\t<div class=\"elementor-shape elementor-shape-top\" data-negative=\"false\">\n\t\t\t<svg xmlns=\"http:\/\/www.w3.org\/2000\/svg\" viewBox=\"0 0 1000 100\" preserveAspectRatio=\"none\">\n\t<path class=\"elementor-shape-fill\" d=\"M0,6V0h1000v100L0,6z\"\/>\n<\/svg>\t\t<\/div>\n\t\t\t\t<div class=\"elementor-shape elementor-shape-bottom\" data-negative=\"false\">\n\t\t\t<svg xmlns=\"http:\/\/www.w3.org\/2000\/svg\" viewBox=\"0 0 1000 100\" preserveAspectRatio=\"none\">\n\t<path class=\"elementor-shape-fill\" d=\"M0,6V0h1000v100L0,6z\"\/>\n<\/svg>\t\t<\/div>\n\t\t\t\t\t<div class=\"elementor-container elementor-column-gap-wide\">\n\t\t\t\t\t<div class=\"elementor-column elementor-col-33 elementor-top-column elementor-element elementor-element-9e04721 elementor-hidden-tablet elementor-hidden-mobile\" data-id=\"9e04721\" data-element_type=\"column\">\n\t\t\t<div class=\"elementor-widget-wrap\">\n\t\t\t\t\t\t\t<\/div>\n\t\t<\/div>\n\t\t\t\t<div class=\"elementor-column elementor-col-66 elementor-top-column elementor-element elementor-element-556aba3\" data-id=\"556aba3\" data-element_type=\"column\">\n\t\t\t<div class=\"elementor-widget-wrap elementor-element-populated\">\n\t\t\t\t\t\t<div class=\"elementor-element elementor-element-7503c4d elementor-widget elementor-widget-image\" data-id=\"7503c4d\" data-element_type=\"widget\" data-widget_type=\"image.default\">\n\t\t\t\t<div class=\"elementor-widget-container\">\n\t\t\t<style>\/*! elementor - v3.19.0 - 07-02-2024 *\/\n.elementor-widget-image{text-align:center}.elementor-widget-image a{display:inline-block}.elementor-widget-image a img[src$=\".svg\"]{width:48px}.elementor-widget-image img{vertical-align:middle;display:inline-block}<\/style>\t\t\t\t\t\t\t\t\t\t<img fetchpriority=\"high\" decoding=\"async\" width=\"700\" height=\"525\" src=\"https:\/\/connectlighting.com.br\/wp-content\/uploads\/2023\/11\/Design-sem-nome-7.png\" class=\"attachment-large size-large wp-image-1768\" alt=\"\" srcset=\"https:\/\/connectlighting.com.br\/wp-content\/uploads\/2023\/11\/Design-sem-nome-7.png 700w, https:\/\/connectlighting.com.br\/wp-content\/uploads\/2023\/11\/Design-sem-nome-7-300x225.png 300w\" sizes=\"(max-width: 700px) 100vw, 700px\" \/>\t\t\t\t\t\t\t\t\t\t\t\t\t<\/div>\n\t\t\t\t<\/div>\n\t\t\t\t\t<\/div>\n\t\t<\/div>\n\t\t\t\t\t<\/div>\n\t\t<\/section>\n\t\t\t\t<section class=\"elementor-section elementor-top-section elementor-element elementor-element-8be2a53 elementor-section-boxed elementor-section-height-default elementor-section-height-default wpr-particle-no wpr-jarallax-no wpr-parallax-no wpr-sticky-section-no\" data-id=\"8be2a53\" data-element_type=\"section\" data-settings=\"{&quot;_ha_eqh_enable&quot;:false}\">\n\t\t\t\t\t\t<div class=\"elementor-container elementor-column-gap-default\">\n\t\t\t\t\t<div class=\"elementor-column elementor-col-100 elementor-top-column elementor-element elementor-element-5792dd2\" data-id=\"5792dd2\" data-element_type=\"column\">\n\t\t\t<div class=\"elementor-widget-wrap elementor-element-populated\">\n\t\t\t\t\t\t<div class=\"elementor-element elementor-element-f1752ad elementor-widget elementor-widget-heading\" data-id=\"f1752ad\" data-element_type=\"widget\" data-widget_type=\"heading.default\">\n\t\t\t\t<div class=\"elementor-widget-container\">\n\t\t\t<h2 class=\"elementor-heading-title elementor-size-default\">INSPIRA\u00c7\u00d5ES<\/h2>\t\t<\/div>\n\t\t\t\t<\/div>\n\t\t\t\t<div class=\"elementor-element elementor-element-9333a5a elementor-widget elementor-widget-text-editor\" data-id=\"9333a5a\" data-element_type=\"widget\" data-widget_type=\"text-editor.default\">\n\t\t\t\t<div class=\"elementor-widget-container\">\n\t\t\t<style>\/*! elementor - v3.19.0 - 07-02-2024 *\/\n.elementor-widget-text-editor.elementor-drop-cap-view-stacked .elementor-drop-cap{background-color:#69727d;color:#fff}.elementor-widget-text-editor.elementor-drop-cap-view-framed .elementor-drop-cap{color:#69727d;border:3px solid;background-color:transparent}.elementor-widget-text-editor:not(.elementor-drop-cap-view-default) .elementor-drop-cap{margin-top:8px}.elementor-widget-text-editor:not(.elementor-drop-cap-view-default) .elementor-drop-cap-letter{width:1em;height:1em}.elementor-widget-text-editor .elementor-drop-cap{float:left;text-align:center;line-height:1;font-size:50px}.elementor-widget-text-editor .elementor-drop-cap-letter{display:inline-block}<\/style>\t\t\t\t<p>Desde ilumina\u00e7\u00e3o residencial e comercial at\u00e9 projetos de ilumina\u00e7\u00e3o arquitet\u00f4nica e paisag\u00edstica, nossa galeria oferece uma vis\u00e3o inspiradora de como a tecnologia LED pode transformar espa\u00e7os e real\u00e7ar ambientes.<\/p>\t\t\t\t\t\t<\/div>\n\t\t\t\t<\/div>\n\t\t\t\t<div class=\"elementor-element elementor-element-33f16d0 ha-image-grid--masonry elementor-widget elementor-widget-ha-image-grid happy-addon ha-image-grid\" data-id=\"33f16d0\" data-element_type=\"widget\" data-settings=\"{&quot;layout&quot;:&quot;masonry&quot;,&quot;enable_popup&quot;:&quot;yes&quot;}\" data-widget_type=\"ha-image-grid.default\">\n\t\t\t\t<div class=\"elementor-widget-container\">\n\t\t\t\t\t\t<div class=\"ha-filter hajs-filter\" data-default-filter=\"*\" role=\"navigation\" aria-label=\"Gallery filter\">\n\t\t\t\t\t\t\t\t\t\t\t\t\t<button class=\"ha-filter__item\" type=\"button\" data-filter=\".__fltr-1\">Interna<\/button><\/li>\n\t\t\t\t\t\t\t\t\t<button class=\"ha-filter__item\" type=\"button\" data-filter=\".__fltr-2\">Externa<\/button><\/li>\n\t\t\t\t\t\t\t\t\t<button class=\"ha-filter__item\" type=\"button\" data-filter=\".__fltr-3\">Industrial <\/button><\/li>\n\t\t\t\t\t\t\t\t\t<button class=\"ha-filter__item\" type=\"button\" data-filter=\".__fltr-4\">Empresarial<\/button><\/li>\n\t\t\t\t\t\t\t<\/div>\n\t\t\n\t\t<div class=\"ha-image-grid__wrap hajs-isotope ha-lightbox--has\">\n\t\t\t\t\t\t\t\n\t\t\t\t<a href=\"#\" data-mfp-src=\"https:\/\/connectlighting.com.br\/wp-content\/uploads\/2023\/11\/02-35.webp\" class=\"ha-image-grid__item ha-js-lightbox __fltr-1\">\n\t\t\t\t\t<img decoding=\"async\" width=\"636\" height=\"725\" src=\"https:\/\/connectlighting.com.br\/wp-content\/uploads\/2023\/11\/02-35.webp\" class=\"elementor-animation-grow\" alt=\"\" srcset=\"https:\/\/connectlighting.com.br\/wp-content\/uploads\/2023\/11\/02-35.webp 636w, https:\/\/connectlighting.com.br\/wp-content\/uploads\/2023\/11\/02-35-263x300.webp 263w\" sizes=\"(max-width: 636px) 100vw, 636px\" \/>\t\t\t\t<\/a>\n\t\t\t\t\t\t\t\n\t\t\t\t<a href=\"#\" data-mfp-src=\"https:\/\/connectlighting.com.br\/wp-content\/uploads\/2023\/11\/31.webp\" class=\"ha-image-grid__item ha-js-lightbox __fltr-1\">\n\t\t\t\t\t<img decoding=\"async\" width=\"636\" height=\"795\" src=\"https:\/\/connectlighting.com.br\/wp-content\/uploads\/2023\/11\/31.webp\" class=\"elementor-animation-grow\" alt=\"\" srcset=\"https:\/\/connectlighting.com.br\/wp-content\/uploads\/2023\/11\/31.webp 636w, https:\/\/connectlighting.com.br\/wp-content\/uploads\/2023\/11\/31-240x300.webp 240w\" sizes=\"(max-width: 636px) 100vw, 636px\" \/>\t\t\t\t<\/a>\n\t\t\t\t\t\t\t\n\t\t\t\t<a href=\"#\" data-mfp-src=\"https:\/\/connectlighting.com.br\/wp-content\/uploads\/2023\/11\/15.webp\" class=\"ha-image-grid__item ha-js-lightbox __fltr-1\">\n\t\t\t\t\t<img loading=\"lazy\" decoding=\"async\" width=\"636\" height=\"954\" src=\"https:\/\/connectlighting.com.br\/wp-content\/uploads\/2023\/11\/15.webp\" class=\"elementor-animation-grow\" alt=\"\" srcset=\"https:\/\/connectlighting.com.br\/wp-content\/uploads\/2023\/11\/15.webp 636w, https:\/\/connectlighting.com.br\/wp-content\/uploads\/2023\/11\/15-200x300.webp 200w\" sizes=\"(max-width: 636px) 100vw, 636px\" \/>\t\t\t\t<\/a>\n\t\t\t\t\t\t\t\n\t\t\t\t<a href=\"#\" data-mfp-src=\"https:\/\/connectlighting.com.br\/wp-content\/uploads\/2023\/06\/Parede-de-tijolinho-espelho-d-agua-e-luz-de-jardim-decoram-a-area-externa.-Fonte-Alex-Hanazaki-683x1024.webp\" class=\"ha-image-grid__item ha-js-lightbox __fltr-2\">\n\t\t\t\t\t<img loading=\"lazy\" decoding=\"async\" width=\"700\" height=\"1049\" src=\"https:\/\/connectlighting.com.br\/wp-content\/uploads\/2023\/06\/Parede-de-tijolinho-espelho-d-agua-e-luz-de-jardim-decoram-a-area-externa.-Fonte-Alex-Hanazaki.webp\" class=\"elementor-animation-grow\" alt=\"\" srcset=\"https:\/\/connectlighting.com.br\/wp-content\/uploads\/2023\/06\/Parede-de-tijolinho-espelho-d-agua-e-luz-de-jardim-decoram-a-area-externa.-Fonte-Alex-Hanazaki.webp 700w, https:\/\/connectlighting.com.br\/wp-content\/uploads\/2023\/06\/Parede-de-tijolinho-espelho-d-agua-e-luz-de-jardim-decoram-a-area-externa.-Fonte-Alex-Hanazaki-200x300.webp 200w, https:\/\/connectlighting.com.br\/wp-content\/uploads\/2023\/06\/Parede-de-tijolinho-espelho-d-agua-e-luz-de-jardim-decoram-a-area-externa.-Fonte-Alex-Hanazaki-683x1024.webp 683w\" sizes=\"(max-width: 700px) 100vw, 700px\" \/>\t\t\t\t<\/a>\n\t\t\t\t\t\t\t\n\t\t\t\t<a href=\"#\" data-mfp-src=\"https:\/\/connectlighting.com.br\/wp-content\/uploads\/2023\/07\/industrial-hall-gaddab6f94_1920-1024x684.jpg\" class=\"ha-image-grid__item ha-js-lightbox __fltr-3\">\n\t\t\t\t\t<img loading=\"lazy\" decoding=\"async\" width=\"1920\" height=\"1282\" src=\"https:\/\/connectlighting.com.br\/wp-content\/uploads\/2023\/07\/industrial-hall-gaddab6f94_1920.jpg\" class=\"elementor-animation-grow\" alt=\"\" srcset=\"https:\/\/connectlighting.com.br\/wp-content\/uploads\/2023\/07\/industrial-hall-gaddab6f94_1920.jpg 1920w, https:\/\/connectlighting.com.br\/wp-content\/uploads\/2023\/07\/industrial-hall-gaddab6f94_1920-300x200.jpg 300w, https:\/\/connectlighting.com.br\/wp-content\/uploads\/2023\/07\/industrial-hall-gaddab6f94_1920-1024x684.jpg 1024w, https:\/\/connectlighting.com.br\/wp-content\/uploads\/2023\/07\/industrial-hall-gaddab6f94_1920-768x513.jpg 768w, https:\/\/connectlighting.com.br\/wp-content\/uploads\/2023\/07\/industrial-hall-gaddab6f94_1920-1536x1026.jpg 1536w\" sizes=\"(max-width: 1920px) 100vw, 1920px\" \/>\t\t\t\t<\/a>\n\t\t\t\t\t\t\t\n\t\t\t\t<a href=\"#\" data-mfp-src=\"https:\/\/connectlighting.com.br\/wp-content\/uploads\/2023\/07\/ikea-geae58adcd_1920-1024x576.jpg\" class=\"ha-image-grid__item ha-js-lightbox __fltr-3\">\n\t\t\t\t\t<img loading=\"lazy\" decoding=\"async\" width=\"1920\" height=\"1080\" src=\"https:\/\/connectlighting.com.br\/wp-content\/uploads\/2023\/07\/ikea-geae58adcd_1920.jpg\" class=\"elementor-animation-grow\" alt=\"\" srcset=\"https:\/\/connectlighting.com.br\/wp-content\/uploads\/2023\/07\/ikea-geae58adcd_1920.jpg 1920w, https:\/\/connectlighting.com.br\/wp-content\/uploads\/2023\/07\/ikea-geae58adcd_1920-300x169.jpg 300w, https:\/\/connectlighting.com.br\/wp-content\/uploads\/2023\/07\/ikea-geae58adcd_1920-1024x576.jpg 1024w, https:\/\/connectlighting.com.br\/wp-content\/uploads\/2023\/07\/ikea-geae58adcd_1920-768x432.jpg 768w, https:\/\/connectlighting.com.br\/wp-content\/uploads\/2023\/07\/ikea-geae58adcd_1920-1536x864.jpg 1536w\" sizes=\"(max-width: 1920px) 100vw, 1920px\" \/>\t\t\t\t<\/a>\n\t\t\t\t\t\t\t\n\t\t\t\t<a href=\"#\" data-mfp-src=\"https:\/\/connectlighting.com.br\/wp-content\/uploads\/2023\/07\/port-geafaef3b1_1920-1024x683.jpg\" class=\"ha-image-grid__item ha-js-lightbox __fltr-3\">\n\t\t\t\t\t<img loading=\"lazy\" decoding=\"async\" width=\"1920\" height=\"1280\" src=\"https:\/\/connectlighting.com.br\/wp-content\/uploads\/2023\/07\/port-geafaef3b1_1920.jpg\" class=\"elementor-animation-grow\" alt=\"\" srcset=\"https:\/\/connectlighting.com.br\/wp-content\/uploads\/2023\/07\/port-geafaef3b1_1920.jpg 1920w, https:\/\/connectlighting.com.br\/wp-content\/uploads\/2023\/07\/port-geafaef3b1_1920-300x200.jpg 300w, https:\/\/connectlighting.com.br\/wp-content\/uploads\/2023\/07\/port-geafaef3b1_1920-1024x683.jpg 1024w, https:\/\/connectlighting.com.br\/wp-content\/uploads\/2023\/07\/port-geafaef3b1_1920-768x512.jpg 768w, https:\/\/connectlighting.com.br\/wp-content\/uploads\/2023\/07\/port-geafaef3b1_1920-1536x1024.jpg 1536w\" sizes=\"(max-width: 1920px) 100vw, 1920px\" \/>\t\t\t\t<\/a>\n\t\t\t\t\t\t\t\n\t\t\t\t<a href=\"#\" data-mfp-src=\"https:\/\/connectlighting.com.br\/wp-content\/uploads\/2023\/06\/iluminacao-tomadas.jpg\" class=\"ha-image-grid__item ha-js-lightbox __fltr-3\">\n\t\t\t\t\t<img loading=\"lazy\" decoding=\"async\" width=\"800\" height=\"600\" src=\"https:\/\/connectlighting.com.br\/wp-content\/uploads\/2023\/06\/iluminacao-tomadas.jpg\" class=\"elementor-animation-grow\" alt=\"\" srcset=\"https:\/\/connectlighting.com.br\/wp-content\/uploads\/2023\/06\/iluminacao-tomadas.jpg 800w, https:\/\/connectlighting.com.br\/wp-content\/uploads\/2023\/06\/iluminacao-tomadas-300x225.jpg 300w, https:\/\/connectlighting.com.br\/wp-content\/uploads\/2023\/06\/iluminacao-tomadas-768x576.jpg 768w\" sizes=\"(max-width: 800px) 100vw, 800px\" \/>\t\t\t\t<\/a>\n\t\t\t\t\t\t\t\n\t\t\t\t<a href=\"#\" data-mfp-src=\"https:\/\/connectlighting.com.br\/wp-content\/uploads\/2023\/05\/4.png\" class=\"ha-image-grid__item ha-js-lightbox __fltr-3\">\n\t\t\t\t\t<img loading=\"lazy\" decoding=\"async\" width=\"1024\" height=\"1024\" src=\"https:\/\/connectlighting.com.br\/wp-content\/uploads\/2023\/05\/4.png\" class=\"elementor-animation-grow\" alt=\"\" srcset=\"https:\/\/connectlighting.com.br\/wp-content\/uploads\/2023\/05\/4.png 1024w, https:\/\/connectlighting.com.br\/wp-content\/uploads\/2023\/05\/4-300x300.png 300w, https:\/\/connectlighting.com.br\/wp-content\/uploads\/2023\/05\/4-150x150.png 150w, https:\/\/connectlighting.com.br\/wp-content\/uploads\/2023\/05\/4-768x768.png 768w\" sizes=\"(max-width: 1024px) 100vw, 1024px\" \/>\t\t\t\t<\/a>\n\t\t\t\t\t\t\t\n\t\t\t\t<a href=\"#\" data-mfp-src=\"https:\/\/connectlighting.com.br\/wp-content\/uploads\/2023\/05\/2-2.png\" class=\"ha-image-grid__item ha-js-lightbox __fltr-3\">\n\t\t\t\t\t<img loading=\"lazy\" decoding=\"async\" width=\"1024\" height=\"1024\" src=\"https:\/\/connectlighting.com.br\/wp-content\/uploads\/2023\/05\/2-2.png\" class=\"elementor-animation-grow\" alt=\"\" srcset=\"https:\/\/connectlighting.com.br\/wp-content\/uploads\/2023\/05\/2-2.png 1024w, https:\/\/connectlighting.com.br\/wp-content\/uploads\/2023\/05\/2-2-300x300.png 300w, https:\/\/connectlighting.com.br\/wp-content\/uploads\/2023\/05\/2-2-150x150.png 150w, https:\/\/connectlighting.com.br\/wp-content\/uploads\/2023\/05\/2-2-768x768.png 768w\" sizes=\"(max-width: 1024px) 100vw, 1024px\" \/>\t\t\t\t<\/a>\n\t\t\t\t\t\t\t\n\t\t\t\t<a href=\"#\" data-mfp-src=\"https:\/\/connectlighting.com.br\/wp-content\/uploads\/2023\/06\/3ecb4cc4-817d-4b8e-beb4-ec8eee77a963-scaled-1-1024x762.jpg\" class=\"ha-image-grid__item ha-js-lightbox __fltr-4\">\n\t\t\t\t\t<img loading=\"lazy\" decoding=\"async\" width=\"2560\" height=\"1905\" src=\"https:\/\/connectlighting.com.br\/wp-content\/uploads\/2023\/06\/3ecb4cc4-817d-4b8e-beb4-ec8eee77a963-scaled-1.jpg\" class=\"elementor-animation-grow\" alt=\"\" srcset=\"https:\/\/connectlighting.com.br\/wp-content\/uploads\/2023\/06\/3ecb4cc4-817d-4b8e-beb4-ec8eee77a963-scaled-1.jpg 2560w, https:\/\/connectlighting.com.br\/wp-content\/uploads\/2023\/06\/3ecb4cc4-817d-4b8e-beb4-ec8eee77a963-scaled-1-300x223.jpg 300w, https:\/\/connectlighting.com.br\/wp-content\/uploads\/2023\/06\/3ecb4cc4-817d-4b8e-beb4-ec8eee77a963-scaled-1-1024x762.jpg 1024w, https:\/\/connectlighting.com.br\/wp-content\/uploads\/2023\/06\/3ecb4cc4-817d-4b8e-beb4-ec8eee77a963-scaled-1-768x572.jpg 768w, https:\/\/connectlighting.com.br\/wp-content\/uploads\/2023\/06\/3ecb4cc4-817d-4b8e-beb4-ec8eee77a963-scaled-1-1536x1143.jpg 1536w, https:\/\/connectlighting.com.br\/wp-content\/uploads\/2023\/06\/3ecb4cc4-817d-4b8e-beb4-ec8eee77a963-scaled-1-2048x1524.jpg 2048w\" sizes=\"(max-width: 2560px) 100vw, 2560px\" \/>\t\t\t\t<\/a>\n\t\t\t\t\t\t\t\n\t\t\t\t<a href=\"#\" data-mfp-src=\"https:\/\/connectlighting.com.br\/wp-content\/uploads\/2023\/06\/6-tipos-de-iluminacao-para-considerar-na-hora-de-fazer-seu-projeto-2-1024x683-1.jpg\" class=\"ha-image-grid__item ha-js-lightbox __fltr-4\">\n\t\t\t\t\t<img loading=\"lazy\" decoding=\"async\" width=\"1024\" height=\"683\" src=\"https:\/\/connectlighting.com.br\/wp-content\/uploads\/2023\/06\/6-tipos-de-iluminacao-para-considerar-na-hora-de-fazer-seu-projeto-2-1024x683-1.jpg\" class=\"elementor-animation-grow\" alt=\"\" srcset=\"https:\/\/connectlighting.com.br\/wp-content\/uploads\/2023\/06\/6-tipos-de-iluminacao-para-considerar-na-hora-de-fazer-seu-projeto-2-1024x683-1.jpg 1024w, https:\/\/connectlighting.com.br\/wp-content\/uploads\/2023\/06\/6-tipos-de-iluminacao-para-considerar-na-hora-de-fazer-seu-projeto-2-1024x683-1-300x200.jpg 300w, https:\/\/connectlighting.com.br\/wp-content\/uploads\/2023\/06\/6-tipos-de-iluminacao-para-considerar-na-hora-de-fazer-seu-projeto-2-1024x683-1-768x512.jpg 768w\" sizes=\"(max-width: 1024px) 100vw, 1024px\" \/>\t\t\t\t<\/a>\n\t\t\t\t\t\t\t\n\t\t\t\t<a href=\"#\" data-mfp-src=\"https:\/\/connectlighting.com.br\/wp-content\/uploads\/2023\/05\/3.png\" class=\"ha-image-grid__item ha-js-lightbox __fltr-4\">\n\t\t\t\t\t<img loading=\"lazy\" decoding=\"async\" width=\"1024\" height=\"1024\" src=\"https:\/\/connectlighting.com.br\/wp-content\/uploads\/2023\/05\/3.png\" class=\"elementor-animation-grow\" alt=\"\" srcset=\"https:\/\/connectlighting.com.br\/wp-content\/uploads\/2023\/05\/3.png 1024w, https:\/\/connectlighting.com.br\/wp-content\/uploads\/2023\/05\/3-300x300.png 300w, https:\/\/connectlighting.com.br\/wp-content\/uploads\/2023\/05\/3-150x150.png 150w, https:\/\/connectlighting.com.br\/wp-content\/uploads\/2023\/05\/3-768x768.png 768w\" sizes=\"(max-width: 1024px) 100vw, 1024px\" \/>\t\t\t\t<\/a>\n\t\t\t\t\t<\/div>\n\n\t\t\t\t<\/div>\n\t\t\t\t<\/div>\n\t\t\t\t\t<\/div>\n\t\t<\/div>\n\t\t\t\t\t<\/div>\n\t\t<\/section>\n\t\t\t\t<\/div>\n\t\t","protected":false},"excerpt":{"rendered":"<p>\u00c1rea do Profissional INSPIRA\u00c7\u00d5ES Desde ilumina\u00e7\u00e3o residencial e comercial at\u00e9 projetos de ilumina\u00e7\u00e3o arquitet\u00f4nica e paisag\u00edstica, nossa galeria oferece uma vis\u00e3o inspiradora de como a tecnologia LED pode transformar espa\u00e7os e real\u00e7ar ambientes. Interna Externa Industrial Empresarial<\/p>\n","protected":false},"author":1,"featured_media":0,"parent":0,"menu_order":0,"comment_status":"closed","ping_status":"closed","template":"elementor_canvas","meta":{"om_disable_all_campaigns":false,"_monsterinsights_skip_tracking":false,"_monsterinsights_sitenote_active":false,"_monsterinsights_sitenote_note":"","_monsterinsights_sitenote_category":0,"footnotes":""},"aioseo_notices":[],"_links":{"self":[{"href":"https:\/\/connectlighting.com.br\/index.php?rest_route=\/wp\/v2\/pages\/1758"}],"collection":[{"href":"https:\/\/connectlighting.com.br\/index.php?rest_route=\/wp\/v2\/pages"}],"about":[{"href":"https:\/\/connectlighting.com.br\/index.php?rest_route=\/wp\/v2\/types\/page"}],"author":[{"embeddable":true,"href":"https:\/\/connectlighting.com.br\/index.php?rest_route=\/wp\/v2\/users\/1"}],"replies":[{"embeddable":true,"href":"https:\/\/connectlighting.com.br\/index.php?rest_route=%2Fwp%2Fv2%2Fcomments&post=1758"}],"version-history":[{"count":28,"href":"https:\/\/connectlighting.com.br\/index.php?rest_route=\/wp\/v2\/pages\/1758\/revisions"}],"predecessor-version":[{"id":1820,"href":"https:\/\/connectlighting.com.br\/index.php?rest_route=\/wp\/v2\/pages\/1758\/revisions\/1820"}],"wp:attachment":[{"href":"https:\/\/connectlighting.com.br\/index.php?rest_route=%2Fwp%2Fv2%2Fmedia&parent=1758"}],"curies":[{"name":"wp","href":"https:\/\/api.w.org\/{rel}","templated":true}]}}